{"id":453,"date":"2022-06-03T11:16:57","date_gmt":"2022-06-03T11:16:57","guid":{"rendered":"https:\/\/teidehomes.com\/?page_id=453"},"modified":"2025-01-29T14:53:18","modified_gmt":"2025-01-29T14:53:18","slug":"legal","status":"publish","type":"page","link":"https:\/\/teidehomes.com\/it\/legal\/","title":{"rendered":"LEGALE"},"content":{"rendered":"<div data-elementor-type=\"wp-page\" data-elementor-id=\"453\" class=\"elementor elementor-453\" data-elementor-post-type=\"page\">\n\t\t\t\t\t\t<section class=\"elementor-section elementor-top-section elementor-element elementor-element-787b85b5 elementor-section-boxed elementor-section-height-default elementor-section-height-default\" data-id=\"787b85b5\" data-element_type=\"section\" data-e-type=\"section\" data-settings=\"{&quot;jet_parallax_layout_list&quot;:[]}\">\n\t\t\t\t\t\t<div class=\"elementor-container elementor-column-gap-default\">\n\t\t\t\t\t<div class=\"elementor-column elementor-col-100 elementor-top-column elementor-element elementor-element-5b46f427\" data-id=\"5b46f427\" data-element_type=\"column\" data-e-type=\"column\">\n\t\t\t<div class=\"elementor-widget-wrap elementor-element-populated\">\n\t\t\t\t\t\t<div class=\"elementor-element elementor-element-21d7cfc0 elementor-widget elementor-widget-text-editor\" data-id=\"21d7cfc0\" data-element_type=\"widget\" data-e-type=\"widget\" data-widget_type=\"text-editor.default\">\n\t\t\t\t<div class=\"elementor-widget-container\">\n\t\t\t\t\t\t\t\t\t<div class=\"row\"><div class=\"col col-xl-10 mx-auto\"><div class=\"paper\"><header class=\"text-center\"><h2 class=\"m-auto\">AVVISO LEGALE E CONDIZIONI GENERALI DI UTILIZZO<\/h2><h4><span class=\"blanc-space ng-binding\">https:\/\/teidehomes.com\/<\/span><\/h4><\/header><div><h3>I. INFORMAZIONI GENERALI<\/h3><p>En cumplimiento con el deber de informaci\u00f3n dispuesto en la Ley 34\/2002 de Servicios de la Sociedad de la Informaci\u00f3n y el Comercio Electr\u00f3nico (LSSI-CE) de 11 de julio, se facilitan a continuaci\u00f3n los siguientes datos de informaci\u00f3n general de este sitio web:<\/p><p>La titolarit\u00e0 di questo sito web, <span class=\"blanc-space ng-binding\">https:\/\/teidehomes.com\/<\/span>, (en adelante, Sitio Web) la ostenta: <span class=\"blanc-space ng-binding\">Iryna Konoplova<\/span>con NIF: <span class=\"blanc-space ng-binding\">Y3516038L<\/span>, y cuyos datos de contacto son:<\/p><p class=\"ng-hide\">La titolarit\u00e0 di questo sito web, <span class=\"blanc-space ng-binding\">https:\/\/teidehomes.com\/<\/span>, (en adelante, Sitio Web) la ostenta: , provista di NIF: e iscritta a: con i seguenti dati di registrazione: , il cui rappresentante \u00e8: , e i cui dati di contatto sono:<\/p><p>Direzione: <span class=\"blanc-space ng-binding\">Calle Golondrina 34 38632 Tenerife<\/span><\/p><p>Telefono di contatto: <span class=\"blanc-space ng-binding\">+34603100498<\/span><\/p><p class=\"ng-hide\">Fax:<\/p><p>Email di contatto: <span class=\"blanc-space ng-binding\">travel2tenerife@gmail.com<\/span><\/p><h3>II. TERMINI E CONDIZIONI GENERALI DI UTILIZZO<\/h3><h4>L'obiettivo delle condizioni: Il sito web<\/h4><p>L'obiettivo delle presenti Condiciones Generales de Uso (in seguito, Condiciones) \u00e8 quello di regolare l'accesso e l'utilizzo del Sito Web. Agli effetti delle presenti Condiciones si intende per Sito Web: l'apertura verso l'esterno delle interfacce a schermo, sia di tipo estetico sia di tipo dinamico, cio\u00e8 l'albero di navigazione; e tutti gli elementi integrati tanto nelle interfacce di visualizzazione quanto nell'albero di navigazione (adelante, Contenidos) e tutti i servizi o risorse in linea che in questo caso offrono agli utenti (adelante, Servicios).<\/p><p><span class=\"blanc-space ng-binding\">Comprare, affittare o investire a Tenerife<\/span> si riserva la facolt\u00e0 di modificare, in qualsiasi momento e senza preavviso, la presentazione e la configurazione del Sito Web e dei Contenuti e Servizi che in esso possono essere incorporati. L'Utente riconosce e accetta che in qualsiasi momento <span class=\"blanc-space ng-binding\">Comprare, affittare o investire a Tenerife<\/span> pu\u00f2 interrompere, disattivare e\/o cancellare tutti gli elementi integrati nel Sito Web o l'accesso agli stessi.<\/p><p>L'accesso al Sitio Web da parte dell'Usuario ha carattere libero e, per regolamento generale, \u00e8 gratuito sinch\u00e9 l'Usuario non deve proporzionare una contromisura per poterne usufruire, salvo per quanto riguarda il costo della connessione a una rete di telecomunicazioni gestita dal fornitore di accesso che ha contrattato l'Usuario.<\/p><p class=\"ng-hide\">A parte i costi di connessione alla rete di telecomunicazione gestiti dal fornitore di accesso, e che sono stati contrattati dall'utente, alcuni dei contenuti o servizi offerti dal fornitore di servizi sono stati considerati come un'opzione. <span class=\"blanc-space ng-binding\">Comprare, affittare o investire a Tenerife<\/span> o, en su caso, terceros a trav\u00e9s del Sitio Web pueden encontrarse sujetos a la contrataci\u00f3n previa del Contenido o Servicio, en cuyo caso se especificar\u00e1 de forma clara y\/o se pondr\u00e1 a disposici\u00f3n del Usuario las correspondientes Condiciones Generales o Particulares por las que esto se rija.<\/p><p>L'utilizzo di alcuni dei contenuti o servizi del sito web pu\u00f2 avvenire tramite la registrazione o il registro preliminare dell'utente.<\/p><p class=\"ng-hide\">L'utilizzo dei contenuti non richiede alcuna iscrizione o registrazione preliminare.<\/p><h4>El Usuario<\/h4><p>L'accesso, la navigazione e l'uso del sito web, cos\u00ec come gli spazi abilitati per interagire tra gli utenti, e l'utente stesso e il suo partner. <span class=\"blanc-space ng-binding\">Comprare, affittare o investire a Tenerife<\/span>, come i commenti e\/o gli spazi di blogging, conferiscono all'Utente la condizione di accettare, dal momento in cui inizia la navigazione sul Sito Web, tutte le Condizioni qui stabilite, nonch\u00e9 le loro ulteriori modifiche, senza pregiudizio per l'applicazione della relativa normativa legale di obbligatoriet\u00e0 a seconda dei casi. Data la rilevanza di quanto precede, si raccomanda all'Utente di leggerle ogni volta che visita il Sito Web.<\/p><p>Il sito web di <span class=\"blanc-space ng-binding\">Comprare, affittare o investire a Tenerife<\/span> offre una grande variet\u00e0 di informazioni, servizi e dati. L'Utente si assume la responsabilit\u00e0 di realizzare un uso corretto del Sito Web. Tale responsabilit\u00e0 si estende a:<\/p><ul><li>Un utilizzo delle informazioni, dei contenuti e\/o dei servizi e dei dati forniti da <span class=\"blanc-space ng-binding\">Comprare, affittare o investire a Tenerife<\/span> sin que sea contrario a lo dispuesto por las presentes Condiciones, la Ley, la moral o el orden p\u00fablico, o que de cualquier otro modo puedan suponer lesi\u00f3n de los derechos de terceros o del mismo funcionamiento del Sitio Web.<\/li><li>La veridicit\u00e0 e la liceit\u00e0 delle informazioni fornite dall'Usuario nei moduli estesi da <span class=\"blanc-space ng-binding\">Comprare, affittare o investire a Tenerife<\/span> per l'accesso a determinati contenuti o servizi offerti dal sito web. In ogni caso, l'Usuario notificher\u00e0 in forma immediata a <span class=\"blanc-space ng-binding\">Comprare, affittare o investire a Tenerife<\/span> in merito a qualsiasi fatto che permetta l'uso indebito delle informazioni registrate in questi moduli, come ad esempio, ma non solo, il furto, l'abuso o l'accesso non autorizzato a identificatori e\/o contrase\u00f1as, al fine di procedere alla loro cancellazione immediata.<\/li><\/ul><p><span class=\"blanc-space ng-binding\">Comprare, affittare o investire a Tenerife<\/span> si riserva il diritto di ritirare tutti i commenti e le osservazioni che violano la legge, il rispetto della dignit\u00e0 della persona, che sono discriminatori, xenofobi, razzisti, pornografici, spam, che sono contro la giovent\u00f9 o l'infanzia, l'ordine o la sicurezza pubblica o che, a suo giudizio, non risultano adatti alla pubblicazione.<\/p><p>In ogni caso, <span class=\"blanc-space ng-binding\">Comprare, affittare o investire a Tenerife<\/span> non \u00e8 responsabile delle opinioni espresse dagli utenti attraverso i commenti o altri strumenti di blogging o di partecipazione.<\/p><p>Il mero accesso a questo sito web non comporta l'instaurazione di alcun tipo di rapporto di carattere commerciale tra <span class=\"blanc-space ng-binding\">Comprare, affittare o investire a Tenerife<\/span> e l'Usuario.<\/p><p>L'Usuario dichiara di essere maggiorenne e di possedere la capacit\u00e0 giuridica sufficiente per poter aderire alle presenti Condizioni. Per questo motivo, questo sito web di <span class=\"blanc-space ng-binding\">Comprare, affittare o investire a Tenerife<\/span> non si rivolge ai minori di et\u00e0. <span class=\"blanc-space ng-binding\">Comprare, affittare o investire a Tenerife<\/span> declina ogni responsabilit\u00e0 per l'inosservanza di questo requisito.<\/p><p class=\"ng-hide\">Sempre nel rispetto della legislazione vigente, questo sito web di <span class=\"blanc-space ng-binding\">Comprare, affittare o investire a Tenerife<\/span> si rivolge a tutte le persone, senza distinzione di et\u00e0, che possono accedere e\/o navigare sui siti web.<\/p><p>Il sito web \u00e8 indirizzato principalmente agli utenti residenti in <span class=\"blanc-space ng-binding\">Spagna<\/span>. <span class=\"blanc-space ng-binding\">Comprare, affittare o investire a Tenerife<\/span> non garantisce che il Sito Web sia conforme alle leggi di altri Paesi, sia totalmente che parzialmente. Se l'Utente risiede o ha il proprio domicilio in un altro luogo e decide di accedere e\/o navigare nel Sito Web lo fa sotto la propria responsabilit\u00e0, deve assicurarsi che tale accesso e navigazione siano conformi alla legislazione locale applicabile, senza tener conto di quanto segue <span class=\"blanc-space ng-binding\">Comprare, affittare o investire a Tenerife<\/span> responsabilit\u00e0 che pu\u00f2 derivare da tale accesso.<\/p><h3>III. ACCESSO E NAVIGAZIONE NEL SITO WEB: ESCLUSIVIT\u00c0 DELLE GARANZIE E RESPONSABILIT\u00c0<\/h3><p><span class=\"blanc-space ng-binding\">Comprare, affittare o investire a Tenerife<\/span> non garantisce la continuit\u00e0, la disponibilit\u00e0 e l'utilit\u00e0 del sito web, n\u00e9 dei contenuti o dei servizi. <span class=\"blanc-space ng-binding\">Comprare, affittare o investire a Tenerife<\/span> far\u00e0 tutto il possibile per il buon funzionamento del Sito Web, ma non \u00e8 responsabile n\u00e9 garantisce che l'accesso a questo Sito Web sia ininterrotto o privo di errori.<\/p><p>Non \u00e8 responsabile o garantisce che il contenuto o il software a cui si pu\u00f2 accedere tramite questo Sito Web sia privo di errori o causi un danno al sistema informatico (software e hardware) dell'Utente. In nessun caso <span class=\"blanc-space ng-binding\">Comprare, affittare o investire a Tenerife<\/span> \u00e8 responsabile per le perdite, i danni o i pregiudizi di qualsiasi tipo derivanti dall'accesso, dalla navigazione e dall'uso del Sito Web, compresi, ma non solo, quelli causati ai sistemi informatici o quelli provocati dall'introduzione di virus.<\/p><p><span class=\"blanc-space ng-binding\">Comprare, affittare o investire a Tenerife<\/span> tampoco se \u00e8 responsabile dei danni che potrebbero verificarsi agli utenti a causa di un uso improprio di questo Sito Web. In particolare, non \u00e8 responsabile in alcun modo delle perdite, delle interruzioni, dei guasti o dei difetti delle telecomunicazioni che potrebbero verificarsi.<\/p><h3>IV. POLITICA DEGLI INGRESSI<\/h3><p>Si informa che il sito web di <span class=\"blanc-space ng-binding\">Comprare, affittare o investire a Tenerife<\/span> mette o pu\u00f2 mettere a disposizione degli utenti mezzi di collegamento (come, tra gli altri, link, banner, botones), directory e motori di ricerca che consentono agli utenti di accedere a siti web di loro propriet\u00e0 e\/o gestiti da terzi.<\/p><p>L'installazione di questi indirizzi, directory e motori di ricerca nel Sito Web ha l'obiettivo di facilitare agli utenti la ricerca e l'accesso alle informazioni disponibili su Internet, senza che ci\u00f2 possa essere considerato un suggerimento, una raccomandazione o un invito a visitarli.<\/p><p><span class=\"blanc-space ng-binding\">Comprare, affittare o investire a Tenerife<\/span> non offre n\u00e9 commercializza da solo o tramite terzi i prodotti e\/o i servizi disponibili in questi siti.<\/p><p class=\"ng-hide\"><span class=\"blanc-space ng-binding\">Comprare, affittare o investire a Tenerife<\/span> offre contenuti patrocinati, annunci e\/o inserzioni di affiliati. Le informazioni che appaiono in questi annunci di affiliati o gli annunci inseriti, sono forniti dai loro stessi annunciatori, per cui <span class=\"blanc-space ng-binding\">Comprare, affittare o investire a Tenerife<\/span> non \u00e8 responsabile di eventuali inesattezze o errori che potrebbero contenere gli annunci, n\u00e9 garantisce in alcun modo l'esperienza, l'integrit\u00e0 o la responsabilit\u00e0 degli annunciatori o la qualit\u00e0 dei loro prodotti e\/o servizi.<\/p><p>Inoltre, non \u00e8 garantita la disponibilit\u00e0 tecnica, l'esattezza, la veridicit\u00e0, la validit\u00e0 o la legalit\u00e0 dei siti esterni alla propriet\u00e0 a cui si pu\u00f2 accedere tramite gli indirizzi.<\/p><p><span class=\"blanc-space ng-binding\">Comprare, affittare o investire a Tenerife<\/span> in nessun caso rivedr\u00e0 o controller\u00e0 il contenuto di altri siti web, cos\u00ec come tampoco approver\u00e0, esaminer\u00e0 o far\u00e0 propri i prodotti e i servizi, i contenuti, gli archivi e qualsiasi altro materiale esistente nei siti web di riferimento.<\/p><p><span class=\"blanc-space ng-binding\">Comprare, affittare o investire a Tenerife<\/span> non si assume alcuna responsabilit\u00e0 per i danni e i danni che potrebbero prodursi a causa dell'accesso, dell'uso, della qualit\u00e0 o della legittimit\u00e0 dei contenuti, delle comunicazioni, delle opinioni, dei prodotti e dei servizi dei siti web non gestiti dalla societ\u00e0. <span class=\"blanc-space ng-binding\">Comprare, affittare o investire a Tenerife<\/span> e che siano inseriti in questo sito web.<\/p><p>L'Usuario o il terzo che realizza un hiperv\u00ednculo da una pagina web di un altro, distinto, sito web al Sito Web di <span class=\"blanc-space ng-binding\">Comprare, affittare o investire a Tenerife<\/span> deve sapere che:<\/p><p>Non \u00e8 consentita la riproduzione - totale o parziale - di nessuno dei contenuti e\/o servizi del sito web senza l'autorizzazione esplicita di <span class=\"blanc-space ng-binding\">Comprare, affittare o investire a Tenerife<\/span>.<\/p><p>Non \u00e8 consentita alcuna manifestazione falsa, inesatta o errata sul sito web di <span class=\"blanc-space ng-binding\">Comprare, affittare o investire a Tenerife<\/span>, n\u00e9 sui contenuti e\/o servizi del medesimo.<\/p><p>A excepci\u00f3n del hiperv\u00ednculo, el sitio web en el que se establezca dicho hiperenlace no contendr\u00e1 ning\u00fan elemento, de este Sitio Web, protegido como propiedad intelectual por el ordenamiento jur\u00eddico espa\u00f1ol, salvo autorizaci\u00f3n expresa de <span class=\"blanc-space ng-binding\">Comprare, affittare o investire a Tenerife<\/span>.<\/p><p>L'istituzione dello hiperv\u00ednculo non implica l'esistenza di relazioni fra <span class=\"blanc-space ng-binding\">Comprare, affittare o investire a Tenerife<\/span> e il titolare del sito web dal quale viene realizzato, n\u00e9 il riconoscimento e l'accettazione di <span class=\"blanc-space ng-binding\">Comprare, affittare o investire a Tenerife<\/span> dei contenuti, servizi e\/o attivit\u00e0 offerti in questo sito web, e viceversa.<\/p><h3>V. PROPRIET\u00c0 INTELLETTUALE E INDUSTRIALE<\/h3><p><span class=\"blanc-space ng-binding\">Comprare, affittare o investire a Tenerife<\/span> di per s\u00e9 o come parte cesionaria, \u00e8 titolare di tutti i diritti di propriet\u00e0 intellettuale e industriale del sito web, nonch\u00e9 degli elementi contenuti in esso (a titolo enunciativo e non esaustivo, immagini, suono, audio, video, software o testi, marchi o logotipi, combinazioni di colori, struttura e design, selezione dei materiali utilizzati, programmi di gestione necessari per il funzionamento, l'accesso e l'utilizzo, ecc.). Si tratta, di conseguenza, di opere protette come propriet\u00e0 intellettuale dall'ordinamento giuridico spagnolo, essendo applicabile sia la normativa spagnola e comunitaria in questo campo, sia le convenzioni internazionali relative alla materia e scritte dalla Spagna.<\/p><p>Tutti i diritti riservati. In virt\u00f9 di quanto disposto dalla Ley de Propiedad Intelectual, sono espressamente vietate la riproduzione, la distribuzione e la comunicazione pubblica, compresa la modalit\u00e0 di messa a disposizione, della totalit\u00e0 o di una parte dei contenuti di questa pagina web, con finalit\u00e0 commerciali, in qualsiasi luogo e con qualsiasi mezzo tecnico, senza l'autorizzazione di <span class=\"blanc-space ng-binding\">Comprare, affittare o investire a Tenerife<\/span>.<\/p><p>El Usuario si compromette a rispettare i diritti di propriet\u00e0 intellettuale e industriale di <span class=\"blanc-space ng-binding\">Comprare, affittare o investire a Tenerife<\/span>. Potr\u00e0 visualizzare gli elementi del Sito Web o anche stamparli, copiarli e conservarli nel disco duro del suo computer o in qualsiasi altro supporto fisico, sempre e solo per uso personale. L'Utente non potr\u00e0, inoltre, sostituire, alterare o manipolare alcun dispositivo di protezione o sistema di sicurezza installato sul Sito Web.<\/p><p>Nel caso in cui l'utente o un terzo ritenga che alcuni dei contenuti del sito web rappresentino una violazione dei diritti di tutela della propriet\u00e0 intellettuale, dovr\u00e0 comunicarlo immediatamente a <span class=\"blanc-space ng-binding\">Comprare, affittare o investire a Tenerife<\/span> attraverso i dati di contatto dell'area INFORMACI\u00d3N GENERAL di questa Nota Legale e Condiciones Generales de Uso.<\/p><h3>VI. ACCIONES LEGALES, LEGISLACI\u00d3N APLICABLE Y JURISDICCI\u00d3N<\/h3><p><span class=\"blanc-space ng-binding\">Comprare, affittare o investire a Tenerife<\/span> si riserva la facolt\u00e0 di presentare le azioni civili o penali che ritiene necessarie per l'utilizzo indebito del Sito Web e dei Contenuti, o per l'inosservanza delle presenti Condizioni.<\/p><p>La relazione tra l'utente e <span class=\"blanc-space ng-binding\">Comprare, affittare o investire a Tenerife<\/span> se regir\u00e1 por la normativa vigente y de aplicaci\u00f3n en el territorio espa\u00f1ol. In caso di controversie relative all'interpretazione e\/o all'applicazione di queste Condizioni, le parti sottoporranno i loro conflitti alla giurisdizione ordinaria, rivolgendosi ai giudici e ai tribunali che corrispondono al diritto.<\/p><p>Il presente documento di Dichiarazione legale e condizioni generali di utilizzo del sito web \u00e8 stato creato mediante il generatore di <a class=\"text-body text-decoration-none\" href=\"https:\/\/textos-legales.edgartamarit.com\/\">avviso legale e condizioni d'uso<\/a> online il 29\/01\/2025.<\/p><\/div><\/div><\/div><\/div>\t\t\t\t\t\t\t\t<\/div>\n\t\t\t\t<\/div>\n\t\t\t\t\t<\/div>\n\t\t<\/div>\n\t\t\t\t\t<\/div>\n\t\t<\/section>\n\t\t\t\t<\/div>","protected":false},"excerpt":{"rendered":"<p>AVISO LEGAL Y CONDICIONES GENERALES DE USO https:\/\/teidehomes.com\/ I. INFORMACI\u00d3N GENERAL En cumplimiento con el deber de informaci\u00f3n dispuesto en la Ley 34\/2002 de Servicios de la Sociedad de la Informaci\u00f3n y el Comercio Electr\u00f3nico (LSSI-CE) de 11 de julio, se facilitan a continuaci\u00f3n los siguientes datos de informaci\u00f3n general de este sitio web: La [&hellip;]<\/p>\n","protected":false},"author":4,"featured_media":0,"parent":0,"menu_order":0,"comment_status":"closed","ping_status":"closed","template":"","meta":{"_joinchat":[],"footnotes":""},"class_list":["post-453","page","type-page","status-publish","hentry"],"yoast_head":"<!-- This site is optimized with the Yoast SEO plugin v27.5 - https:\/\/yoast.com\/product\/yoast-seo-wordpress\/ -->\n<title>LEGAL - TEIDE HOMES<\/title>\n<meta name=\"description\" content=\"LEGAL - TEIDE HOMES\" \/>\n<meta name=\"robots\" content=\"noindex, nofollow\" \/>\n<meta property=\"og:locale\" content=\"it_IT\" \/>\n<meta property=\"og:type\" content=\"article\" \/>\n<meta property=\"og:title\" content=\"LEGAL - TEIDE HOMES\" \/>\n<meta property=\"og:description\" content=\"LEGAL - TEIDE HOMES\" \/>\n<meta property=\"og:url\" content=\"https:\/\/teidehomes.com\/it\/legal\/\" \/>\n<meta property=\"og:site_name\" content=\"TEIDE HOMES\" \/>\n<meta property=\"article:modified_time\" content=\"2025-01-29T14:53:18+00:00\" \/>\n<meta property=\"og:image\" content=\"https:\/\/teidehomes.com\/wp-content\/uploads\/2024\/12\/Iryna.jpg\" \/>\n\t<meta property=\"og:image:width\" content=\"1212\" \/>\n\t<meta property=\"og:image:height\" content=\"1222\" \/>\n\t<meta property=\"og:image:type\" content=\"image\/jpeg\" \/>\n<script type=\"application\/ld+json\" class=\"yoast-schema-graph\">{\"@context\":\"https:\\\/\\\/schema.org\",\"@graph\":[{\"@type\":\"WebPage\",\"@id\":\"https:\\\/\\\/teidehomes.com\\\/legal\\\/\",\"url\":\"https:\\\/\\\/teidehomes.com\\\/legal\\\/\",\"name\":\"LEGAL - TEIDE HOMES\",\"isPartOf\":{\"@id\":\"https:\\\/\\\/teidehomes.com\\\/#website\"},\"datePublished\":\"2022-06-03T11:16:57+00:00\",\"dateModified\":\"2025-01-29T14:53:18+00:00\",\"description\":\"LEGAL - TEIDE HOMES\",\"breadcrumb\":{\"@id\":\"https:\\\/\\\/teidehomes.com\\\/legal\\\/#breadcrumb\"},\"inLanguage\":\"it-IT\",\"potentialAction\":[{\"@type\":\"ReadAction\",\"target\":[\"https:\\\/\\\/teidehomes.com\\\/legal\\\/\"]}]},{\"@type\":\"BreadcrumbList\",\"@id\":\"https:\\\/\\\/teidehomes.com\\\/legal\\\/#breadcrumb\",\"itemListElement\":[{\"@type\":\"ListItem\",\"position\":1,\"name\":\"Home\",\"item\":\"https:\\\/\\\/teidehomes.com\\\/\"},{\"@type\":\"ListItem\",\"position\":2,\"name\":\"LEGAL\"}]},{\"@type\":\"WebSite\",\"@id\":\"https:\\\/\\\/teidehomes.com\\\/#website\",\"url\":\"https:\\\/\\\/teidehomes.com\\\/\",\"name\":\"TEIDE HOMES\",\"description\":\"Long Term Rental Tenerife South - TEIDE HOMES\",\"publisher\":{\"@id\":\"https:\\\/\\\/teidehomes.com\\\/#organization\"},\"alternateName\":\"Long Term Rental Tenerife South - TEIDE HOMES\",\"potentialAction\":[{\"@type\":\"SearchAction\",\"target\":{\"@type\":\"EntryPoint\",\"urlTemplate\":\"https:\\\/\\\/teidehomes.com\\\/?s={search_term_string}\"},\"query-input\":{\"@type\":\"PropertyValueSpecification\",\"valueRequired\":true,\"valueName\":\"search_term_string\"}}],\"inLanguage\":\"it-IT\"},{\"@type\":\"Organization\",\"@id\":\"https:\\\/\\\/teidehomes.com\\\/#organization\",\"name\":\"TEIDE HOMES\",\"alternateName\":\"Long Term Rental Tenerife South\",\"url\":\"https:\\\/\\\/teidehomes.com\\\/\",\"logo\":{\"@type\":\"ImageObject\",\"inLanguage\":\"it-IT\",\"@id\":\"https:\\\/\\\/teidehomes.com\\\/#\\\/schema\\\/logo\\\/image\\\/\",\"url\":\"https:\\\/\\\/teidehomes.com\\\/wp-content\\\/uploads\\\/2022\\\/06\\\/Logo-Inmobiliaria.png\",\"contentUrl\":\"https:\\\/\\\/teidehomes.com\\\/wp-content\\\/uploads\\\/2022\\\/06\\\/Logo-Inmobiliaria.png\",\"width\":500,\"height\":500,\"caption\":\"TEIDE HOMES\"},\"image\":{\"@id\":\"https:\\\/\\\/teidehomes.com\\\/#\\\/schema\\\/logo\\\/image\\\/\"}}]}<\/script>\n<!-- \/ Yoast SEO plugin. -->","yoast_head_json":{"title":"LEGAL - TEIDE HOMES","description":"LEGAL - TEIDE HOMES","robots":{"index":"noindex","follow":"nofollow"},"og_locale":"it_IT","og_type":"article","og_title":"LEGAL - TEIDE HOMES","og_description":"LEGAL - TEIDE HOMES","og_url":"https:\/\/teidehomes.com\/it\/legal\/","og_site_name":"TEIDE HOMES","article_modified_time":"2025-01-29T14:53:18+00:00","og_image":[{"width":1212,"height":1222,"url":"https:\/\/teidehomes.com\/wp-content\/uploads\/2024\/12\/Iryna.jpg","type":"image\/jpeg"}],"schema":{"@context":"https:\/\/schema.org","@graph":[{"@type":"WebPage","@id":"https:\/\/teidehomes.com\/legal\/","url":"https:\/\/teidehomes.com\/legal\/","name":"LEGAL - TEIDE HOMES","isPartOf":{"@id":"https:\/\/teidehomes.com\/#website"},"datePublished":"2022-06-03T11:16:57+00:00","dateModified":"2025-01-29T14:53:18+00:00","description":"LEGAL - TEIDE HOMES","breadcrumb":{"@id":"https:\/\/teidehomes.com\/legal\/#breadcrumb"},"inLanguage":"it-IT","potentialAction":[{"@type":"ReadAction","target":["https:\/\/teidehomes.com\/legal\/"]}]},{"@type":"BreadcrumbList","@id":"https:\/\/teidehomes.com\/legal\/#breadcrumb","itemListElement":[{"@type":"ListItem","position":1,"name":"Home","item":"https:\/\/teidehomes.com\/"},{"@type":"ListItem","position":2,"name":"LEGAL"}]},{"@type":"WebSite","@id":"https:\/\/teidehomes.com\/#website","url":"https:\/\/teidehomes.com\/","name":"CASE TEIDE","description":"Affitto a lungo termine Tenerife Sud - TEIDE HOMES","publisher":{"@id":"https:\/\/teidehomes.com\/#organization"},"alternateName":"Long Term Rental Tenerife South - TEIDE HOMES","potentialAction":[{"@type":"SearchAction","target":{"@type":"EntryPoint","urlTemplate":"https:\/\/teidehomes.com\/?s={search_term_string}"},"query-input":{"@type":"PropertyValueSpecification","valueRequired":true,"valueName":"search_term_string"}}],"inLanguage":"it-IT"},{"@type":"Organization","@id":"https:\/\/teidehomes.com\/#organization","name":"CASE TEIDE","alternateName":"Long Term Rental Tenerife South","url":"https:\/\/teidehomes.com\/","logo":{"@type":"ImageObject","inLanguage":"it-IT","@id":"https:\/\/teidehomes.com\/#\/schema\/logo\/image\/","url":"https:\/\/teidehomes.com\/wp-content\/uploads\/2022\/06\/Logo-Inmobiliaria.png","contentUrl":"https:\/\/teidehomes.com\/wp-content\/uploads\/2022\/06\/Logo-Inmobiliaria.png","width":500,"height":500,"caption":"TEIDE HOMES"},"image":{"@id":"https:\/\/teidehomes.com\/#\/schema\/logo\/image\/"}}]}},"_links":{"self":[{"href":"https:\/\/teidehomes.com\/it\/wp-json\/wp\/v2\/pages\/453","targetHints":{"allow":["GET"]}}],"collection":[{"href":"https:\/\/teidehomes.com\/it\/wp-json\/wp\/v2\/pages"}],"about":[{"href":"https:\/\/teidehomes.com\/it\/wp-json\/wp\/v2\/types\/page"}],"author":[{"embeddable":true,"href":"https:\/\/teidehomes.com\/it\/wp-json\/wp\/v2\/users\/4"}],"replies":[{"embeddable":true,"href":"https:\/\/teidehomes.com\/it\/wp-json\/wp\/v2\/comments?post=453"}],"version-history":[{"count":7,"href":"https:\/\/teidehomes.com\/it\/wp-json\/wp\/v2\/pages\/453\/revisions"}],"predecessor-version":[{"id":4247,"href":"https:\/\/teidehomes.com\/it\/wp-json\/wp\/v2\/pages\/453\/revisions\/4247"}],"wp:attachment":[{"href":"https:\/\/teidehomes.com\/it\/wp-json\/wp\/v2\/media?parent=453"}],"curies":[{"name":"wp","href":"https:\/\/api.w.org\/{rel}","templated":true}]}}