{"id":2402,"date":"2024-01-30T04:18:55","date_gmt":"2024-01-30T04:18:55","guid":{"rendered":"https:\/\/teidehomes.com\/politica-de-cookies-ue\/"},"modified":"2025-01-29T14:56:01","modified_gmt":"2025-01-29T14:56:01","slug":"politica-de-cookies-ue","status":"publish","type":"page","link":"https:\/\/teidehomes.com\/it\/politica-de-cookies-ue\/","title":{"rendered":"INFORMATIVA SUI COOKIE"},"content":{"rendered":"<div class=\"row\">\n<div class=\"col-xl-10 mx-auto\">\n<div class=\"paper\">\n<header class=\"text-center\">\n<h2 class=\"m-auto\">POLITICA DEI COOKIE<\/h2>\n<h4><span class=\"blanc-space ng-binding\">https:\/\/teidehomes.com\/<\/span><\/h4>\n<\/header>\n<div>\n<p>L'accesso a questo sito web pu\u00f2 comportare l'utilizzo di cookie. I cookie sono piccole quantit\u00e0 di informazioni che vengono memorizzate nel navigatore utilizzato da ogni utente - nei diversi dispositivi che pu\u00f2 utilizzare per navigare - affinch\u00e9 il server ricordi determinate informazioni che in seguito e solo il server che le ha implementate legger\u00e0. I cookie facilitano la navigazione, la rendono pi\u00f9 piacevole e non danneggiano il dispositivo di navigazione.<\/p>\n<p>I cookie sono procedure automatiche di recupero di informazioni relative alle preferenze determinate dall'utente durante la sua visita al sito web con l'obiettivo di riconoscerlo come utente e di personalizzare la sua esperienza e l'uso del sito web, e possono anche, ad esempio, aiutare a identificare e risolvere errori.<\/p>\n<p>Le informazioni raccolte tramite i cookie possono includere la data e l'ora delle visite al sito web, le pagine visualizzate, il tempo di permanenza sul sito web e i siti visitati prima e dopo. Tuttavia, nessun cookie consente di contattare il numero di telefono dell'utente o qualsiasi altro mezzo di contatto personale. Nessun cookie pu\u00f2 estrarre informazioni dal disco duro dell'Utente o rubare informazioni personali. L'unico modo in cui le informazioni private dell'Utente entrano a far parte dell'archivio Cookie \u00e8 che l'Utente fornisca personalmente tali informazioni al server.<\/p>\n<p>I cookie che permettono di identificare una persona sono considerati dati personali. Per questo motivo, a questi ultimi si applica la politica di privacy precedentemente descritta. In questo senso, per l'utilizzo di questi dati \u00e8 necessario il consenso dell'utente. Tale consenso sar\u00e0 comunicato, sulla base di un'elezione autentica, ottenuta mediante una decisione affermativa e positiva, prima del trattamento ufficiale, rimovibile e documentato.<\/p>\n<div class=\"ng-hide\">\n<h4>Biscotti propias<\/h4>\n<p>Sono quei cookie che vengono inviati all'apparecchio o al dispositivo dell'utente e gestiti esclusivamente da <span class=\"blanc-space ng-binding\">Comprare, affittare o investire a Tenerife<\/span> per il miglior funzionamento del sito web. Le informazioni raccolte vengono utilizzate per migliorare la qualit\u00e0 del sito web e dei suoi contenuti e la sua esperienza come utente. Questi cookie permettono di riconoscere l'utente come visitatore ricorrente del sito web e di adattare i contenuti per offrirgli contenuti adatti alle sue preferenze.<\/p>\n<\/div>\n<div class=\"thirdCookies\">\n<h4>Cookie di terzi<\/h4>\n<p>Sono cookie utilizzati e gestiti da entit\u00e0 esterne che forniscono un servizio di <span class=\"blanc-space ng-binding\">Comprare, affittare o investire a Tenerife<\/span> servizi richiesti da quest'ultimo per migliorare il sito web e l'esperienza dell'utente quando naviga sul sito web. I principali obiettivi per i quali vengono utilizzati i cookie di terzi sono l'ottenimento di statistiche di accesso e l'analisi delle informazioni sulla navigazione, ovvero il modo in cui l'utente interagisce con il sito Web.<\/p>\n<p>Le informazioni ottenute si riferiscono, ad esempio, al numero di pagine visitate, all'idioma, al luogo in cui si trova la direzione IP da cui accede l'utente, al numero di utenti che accedono, alla frequenza e alla frequenza delle visite, al tempo della visita, al navigatore utilizzato, all'operatore o al tipo di dispositivo da cui viene effettuata la visita. Queste informazioni vengono utilizzate per migliorare il Sito Web e individuare nuove esigenze per offrire agli utenti un contenuto e\/o un servizio di qualit\u00e0 eccellente. In tutti i casi, le informazioni vengono raccolte in forma anonima e vengono elaborate informazioni sulle tendenze del sito Web senza identificare i singoli utenti.<\/p>\n<p>\u00c8 possibile ottenere maggiori informazioni sui cookie, sulle informazioni relative alla privacy o consultare la descrizione del tipo di cookie utilizzati, le loro principali caratteristiche, il periodo di scadenza, ecc:<\/p>\n<p class=\"text-wrap ng-binding\">Google Analytics: https:\/\/developers.google.com\/analytics\/<\/p>\n<p>La(e) entidad(es) encargada(s) del suministro de cookies podr\u00e1(n) ceder esta informaci\u00f3n a terceros, siempre y cuando lo exija la ley o sea un tercero el que procese esta informaci\u00f3n para dichas entidades.<\/p>\n<\/div>\n<div class=\"ng-hide\">\n<h4>Cookie di social network<\/h4>\n<p><span class=\"blanc-space ng-binding\">Comprare, affittare o investire a Tenerife<\/span> incorpora plugin di social network che permettono di accedere a questi ultimi a partire dal Sito Web. Per questo motivo, i cookie delle reti sociali possono essere conservati nel navigatore dell'Utente. I titolari di queste reti sociali dispongono di proprie politiche di protezione dei dati e dei cookie, essendo essi stessi, in ogni caso, responsabili dei propri archivi e delle proprie pratiche di privacy. L'Utente deve rivolgersi a loro per essere informato su questi cookie e, nel suo caso, sul trattamento dei suoi dati personali. Unicamente a titolo informativo sono indicati a continuazione gli accessi ai quali \u00e8 possibile consultare le politiche di privacy e\/o i cookie:<\/p>\n<ul>\n<li>Facebook: <a class=\"text-info\" href=\"https:\/\/www.facebook.com\/policies\/cookies\/\">https:\/\/www.facebook.com\/policies\/cookies\/<\/a><\/li>\n<li>Twitter: <a class=\"text-info\" href=\"https:\/\/twitter.com\/es\/privacy\">https:\/\/twitter.com\/es\/privacy<\/a><\/li>\n<li>Instagram: <a class=\"text-info\" href=\"https:\/\/help.instagram.com\/1896641480634370?ref=ig\">https:\/\/help.instagram.com\/1896641480634370?ref=ig<\/a><\/li>\n<li>YouTube: <a class=\"text-info\" href=\"https:\/\/policies.google.com\/privacy?hl=es-419&amp;gl=mx\">https:\/\/policies.google.com\/privacy?hl=es-419&amp;gl=mx<\/a><\/li>\n<li>Pinterest: <a class=\"text-info\" href=\"https:\/\/policy.pinterest.com\/es\/privacy-policy\">https:\/\/policy.pinterest.com\/es\/privacy-policy<\/a><\/li>\n<li>LinkedIn: <a class=\"text-info\" href=\"https:\/\/www.linkedin.com\/legal\/cookie-policy?trk=hp-cookies\">https:\/\/www.linkedin.com\/legal\/cookie-policy?trk=hp-cookies<\/a><\/li>\n<\/ul>\n<\/div>\n<h4>Deshabilitar, rechazar y eliminar cookies<\/h4>\n<p>L'Utente pu\u00f2 riabilitare, cancellare o eliminare i cookie installati sul suo dispositivo attraverso la configurazione del suo navigatore (tra cui, ad esempio, Chrome, Firefox, Safari, Explorer). In questo senso, le procedure per la cancellazione e l'eliminazione dei cookie possono differire da un navigatore Internet all'altro. Di conseguenza, l'Utente deve attenersi alle istruzioni fornite dal proprio navigatore Internet che sta utilizzando. Nel caso in cui si rinunci all'uso dei cookie - totalmente o parzialmente - si potr\u00e0 continuare a utilizzare il sito Web, ma si potr\u00e0 anche limitare l'utilizzo di alcune prestazioni del sito stesso.<\/p>\n<p>Il presente documento di Politica dei Cookies \u00e8 stato creato dal generatore di <a class=\"text-body text-decoration-none\" href=\"https:\/\/textos-legales.edgartamarit.com\/\">pagina di politica dei cookie web gratis<\/a> online il 29\/01\/2025.<\/p>\n<\/div>\n<\/div>\n<\/div>\n<\/div>","protected":false},"excerpt":{"rendered":"<p>POL\u00cdTICA DE COOKIES https:\/\/teidehomes.com\/ El acceso a este Sitio Web puede implicar la utilizaci\u00f3n de cookies. Las cookies son peque\u00f1as cantidades de informaci\u00f3n que se almacenan en el navegador utilizado por cada Usuario \u2014en los distintos dispositivos que pueda utilizar para navegar\u2014 para que el servidor recuerde cierta informaci\u00f3n que posteriormente y \u00fanicamente el servidor [&hellip;]<\/p>\n","protected":false},"author":4,"featured_media":0,"parent":0,"menu_order":0,"comment_status":"closed","ping_status":"closed","template":"","meta":{"_joinchat":[],"footnotes":""},"class_list":["post-2402","page","type-page","status-publish","hentry"],"yoast_head":"<!-- This site is optimized with the Yoast SEO plugin v27.5 - https:\/\/yoast.com\/product\/yoast-seo-wordpress\/ -->\n<title>COOKIE POLICY - TEIDE HOMES<\/title>\n<meta name=\"description\" content=\"COOKIE POLICY - TEIDE HOMES\" \/>\n<meta name=\"robots\" content=\"noindex, nofollow\" \/>\n<meta property=\"og:locale\" content=\"it_IT\" \/>\n<meta property=\"og:type\" content=\"article\" \/>\n<meta property=\"og:title\" content=\"COOKIE POLICY - TEIDE HOMES\" \/>\n<meta property=\"og:description\" content=\"COOKIE POLICY - TEIDE HOMES\" \/>\n<meta property=\"og:url\" content=\"https:\/\/teidehomes.com\/it\/politica-de-cookies-ue\/\" \/>\n<meta property=\"og:site_name\" content=\"TEIDE HOMES\" \/>\n<meta property=\"article:modified_time\" content=\"2025-01-29T14:56:01+00:00\" \/>\n<meta property=\"og:image\" content=\"https:\/\/teidehomes.com\/wp-content\/uploads\/2024\/12\/Iryna.jpg\" \/>\n\t<meta property=\"og:image:width\" content=\"1212\" \/>\n\t<meta property=\"og:image:height\" content=\"1222\" \/>\n\t<meta property=\"og:image:type\" content=\"image\/jpeg\" \/>\n<script type=\"application\/ld+json\" class=\"yoast-schema-graph\">{\"@context\":\"https:\\\/\\\/schema.org\",\"@graph\":[{\"@type\":\"WebPage\",\"@id\":\"https:\\\/\\\/teidehomes.com\\\/politica-de-cookies-ue\\\/\",\"url\":\"https:\\\/\\\/teidehomes.com\\\/politica-de-cookies-ue\\\/\",\"name\":\"COOKIE POLICY - TEIDE HOMES\",\"isPartOf\":{\"@id\":\"https:\\\/\\\/teidehomes.com\\\/#website\"},\"datePublished\":\"2024-01-30T04:18:55+00:00\",\"dateModified\":\"2025-01-29T14:56:01+00:00\",\"description\":\"COOKIE POLICY - TEIDE HOMES\",\"breadcrumb\":{\"@id\":\"https:\\\/\\\/teidehomes.com\\\/politica-de-cookies-ue\\\/#breadcrumb\"},\"inLanguage\":\"it-IT\",\"potentialAction\":[{\"@type\":\"ReadAction\",\"target\":[\"https:\\\/\\\/teidehomes.com\\\/politica-de-cookies-ue\\\/\"]}]},{\"@type\":\"BreadcrumbList\",\"@id\":\"https:\\\/\\\/teidehomes.com\\\/politica-de-cookies-ue\\\/#breadcrumb\",\"itemListElement\":[{\"@type\":\"ListItem\",\"position\":1,\"name\":\"Home\",\"item\":\"https:\\\/\\\/teidehomes.com\\\/\"},{\"@type\":\"ListItem\",\"position\":2,\"name\":\"COOKIE POLICY\"}]},{\"@type\":\"WebSite\",\"@id\":\"https:\\\/\\\/teidehomes.com\\\/#website\",\"url\":\"https:\\\/\\\/teidehomes.com\\\/\",\"name\":\"TEIDE HOMES\",\"description\":\"Long Term Rental Tenerife South - TEIDE HOMES\",\"publisher\":{\"@id\":\"https:\\\/\\\/teidehomes.com\\\/#organization\"},\"alternateName\":\"Long Term Rental Tenerife South - TEIDE HOMES\",\"potentialAction\":[{\"@type\":\"SearchAction\",\"target\":{\"@type\":\"EntryPoint\",\"urlTemplate\":\"https:\\\/\\\/teidehomes.com\\\/?s={search_term_string}\"},\"query-input\":{\"@type\":\"PropertyValueSpecification\",\"valueRequired\":true,\"valueName\":\"search_term_string\"}}],\"inLanguage\":\"it-IT\"},{\"@type\":\"Organization\",\"@id\":\"https:\\\/\\\/teidehomes.com\\\/#organization\",\"name\":\"TEIDE HOMES\",\"alternateName\":\"Long Term Rental Tenerife South\",\"url\":\"https:\\\/\\\/teidehomes.com\\\/\",\"logo\":{\"@type\":\"ImageObject\",\"inLanguage\":\"it-IT\",\"@id\":\"https:\\\/\\\/teidehomes.com\\\/#\\\/schema\\\/logo\\\/image\\\/\",\"url\":\"https:\\\/\\\/teidehomes.com\\\/wp-content\\\/uploads\\\/2022\\\/06\\\/Logo-Inmobiliaria.png\",\"contentUrl\":\"https:\\\/\\\/teidehomes.com\\\/wp-content\\\/uploads\\\/2022\\\/06\\\/Logo-Inmobiliaria.png\",\"width\":500,\"height\":500,\"caption\":\"TEIDE HOMES\"},\"image\":{\"@id\":\"https:\\\/\\\/teidehomes.com\\\/#\\\/schema\\\/logo\\\/image\\\/\"}}]}<\/script>\n<!-- \/ Yoast SEO plugin. -->","yoast_head_json":{"title":"COOKIE POLICY - TEIDE HOMES","description":"COOKIE POLICY - TEIDE HOMES","robots":{"index":"noindex","follow":"nofollow"},"og_locale":"it_IT","og_type":"article","og_title":"COOKIE POLICY - TEIDE HOMES","og_description":"COOKIE POLICY - TEIDE HOMES","og_url":"https:\/\/teidehomes.com\/it\/politica-de-cookies-ue\/","og_site_name":"TEIDE HOMES","article_modified_time":"2025-01-29T14:56:01+00:00","og_image":[{"width":1212,"height":1222,"url":"https:\/\/teidehomes.com\/wp-content\/uploads\/2024\/12\/Iryna.jpg","type":"image\/jpeg"}],"schema":{"@context":"https:\/\/schema.org","@graph":[{"@type":"WebPage","@id":"https:\/\/teidehomes.com\/politica-de-cookies-ue\/","url":"https:\/\/teidehomes.com\/politica-de-cookies-ue\/","name":"COOKIE POLICY - TEIDE HOMES","isPartOf":{"@id":"https:\/\/teidehomes.com\/#website"},"datePublished":"2024-01-30T04:18:55+00:00","dateModified":"2025-01-29T14:56:01+00:00","description":"COOKIE POLICY - TEIDE HOMES","breadcrumb":{"@id":"https:\/\/teidehomes.com\/politica-de-cookies-ue\/#breadcrumb"},"inLanguage":"it-IT","potentialAction":[{"@type":"ReadAction","target":["https:\/\/teidehomes.com\/politica-de-cookies-ue\/"]}]},{"@type":"BreadcrumbList","@id":"https:\/\/teidehomes.com\/politica-de-cookies-ue\/#breadcrumb","itemListElement":[{"@type":"ListItem","position":1,"name":"Home","item":"https:\/\/teidehomes.com\/"},{"@type":"ListItem","position":2,"name":"COOKIE POLICY"}]},{"@type":"WebSite","@id":"https:\/\/teidehomes.com\/#website","url":"https:\/\/teidehomes.com\/","name":"CASE TEIDE","description":"Affitto a lungo termine Tenerife Sud - TEIDE HOMES","publisher":{"@id":"https:\/\/teidehomes.com\/#organization"},"alternateName":"Long Term Rental Tenerife South - TEIDE HOMES","potentialAction":[{"@type":"SearchAction","target":{"@type":"EntryPoint","urlTemplate":"https:\/\/teidehomes.com\/?s={search_term_string}"},"query-input":{"@type":"PropertyValueSpecification","valueRequired":true,"valueName":"search_term_string"}}],"inLanguage":"it-IT"},{"@type":"Organization","@id":"https:\/\/teidehomes.com\/#organization","name":"CASE TEIDE","alternateName":"Long Term Rental Tenerife South","url":"https:\/\/teidehomes.com\/","logo":{"@type":"ImageObject","inLanguage":"it-IT","@id":"https:\/\/teidehomes.com\/#\/schema\/logo\/image\/","url":"https:\/\/teidehomes.com\/wp-content\/uploads\/2022\/06\/Logo-Inmobiliaria.png","contentUrl":"https:\/\/teidehomes.com\/wp-content\/uploads\/2022\/06\/Logo-Inmobiliaria.png","width":500,"height":500,"caption":"TEIDE HOMES"},"image":{"@id":"https:\/\/teidehomes.com\/#\/schema\/logo\/image\/"}}]}},"_links":{"self":[{"href":"https:\/\/teidehomes.com\/it\/wp-json\/wp\/v2\/pages\/2402","targetHints":{"allow":["GET"]}}],"collection":[{"href":"https:\/\/teidehomes.com\/it\/wp-json\/wp\/v2\/pages"}],"about":[{"href":"https:\/\/teidehomes.com\/it\/wp-json\/wp\/v2\/types\/page"}],"author":[{"embeddable":true,"href":"https:\/\/teidehomes.com\/it\/wp-json\/wp\/v2\/users\/4"}],"replies":[{"embeddable":true,"href":"https:\/\/teidehomes.com\/it\/wp-json\/wp\/v2\/comments?post=2402"}],"version-history":[{"count":2,"href":"https:\/\/teidehomes.com\/it\/wp-json\/wp\/v2\/pages\/2402\/revisions"}],"predecessor-version":[{"id":4248,"href":"https:\/\/teidehomes.com\/it\/wp-json\/wp\/v2\/pages\/2402\/revisions\/4248"}],"wp:attachment":[{"href":"https:\/\/teidehomes.com\/it\/wp-json\/wp\/v2\/media?parent=2402"}],"curies":[{"name":"wp","href":"https:\/\/api.w.org\/{rel}","templated":true}]}}