{"id":2402,"date":"2024-01-30T04:18:55","date_gmt":"2024-01-30T04:18:55","guid":{"rendered":"https:\/\/teidehomes.com\/politica-de-cookies-ue\/"},"modified":"2025-01-29T14:56:01","modified_gmt":"2025-01-29T14:56:01","slug":"politica-de-cookies-ue","status":"publish","type":"page","link":"https:\/\/teidehomes.com\/fr\/politica-de-cookies-ue\/","title":{"rendered":"POLITIQUE EN MATI\u00c8RE DE COOKIES"},"content":{"rendered":"<div class=\"row\">\n<div class=\"col-xl-10 mx-auto\">\n<div class=\"paper\">\n<header class=\"text-center\">\n<h2 class=\"m-auto\">POLITIQUE EN MATI\u00c8RE DE COOKIES<\/h2>\n<h4><span class=\"blanc-space ng-binding\">https:\/\/teidehomes.com\/<\/span><\/h4>\n<\/header>\n<div>\n<p>L'acc\u00e8s \u00e0 ce site Web peut impliquer l'utilisation de cookies. Les cookies sont de petites quantit\u00e9s d'informations qui sont stock\u00e9es dans le navigateur utilis\u00e9 par chaque utilisateur - dans les diff\u00e9rents dispositifs qu'il peut utiliser pour naviguer - afin que le serveur garde en m\u00e9moire certaines informations qui seront lues ult\u00e9rieurement et uniquement par le serveur qui les a impl\u00e9ment\u00e9es. Les cookies facilitent la navigation, la rendent plus conviviale et n'endommagent pas le dispositif de navigation.<\/p>\n<p>Les cookies sont des proc\u00e9dures automatiques de collecte d'informations relatives aux pr\u00e9f\u00e9rences d\u00e9termin\u00e9es par l'utilisateur lors de sa visite sur le site web, dans le but de le reconna\u00eetre en tant qu'utilisateur et de personnaliser son exp\u00e9rience et son utilisation du site web ; ils peuvent \u00e9galement, par exemple, aider \u00e0 identifier et \u00e0 r\u00e9soudre des erreurs.<\/p>\n<p>Les informations recueillies par le biais des cookies peuvent inclure la date et l'heure des visites sur le site Web, les pages visualis\u00e9es, le temps pass\u00e9 sur le site Web et les sites visit\u00e9s juste avant et apr\u00e8s la visite. Par ailleurs, aucun cookie ne permet \u00e0 ce dernier d'entrer en contact avec le num\u00e9ro de t\u00e9l\u00e9phone de l'utilisateur ou avec tout autre moyen de contact personnel. Aucun cookie ne peut extraire des informations du disque dur de l'Utilisateur ou voler des informations personnelles. La seule fa\u00e7on pour que les informations priv\u00e9es de l'utilisateur fassent partie de l'archive Cookie est que l'utilisateur transmette personnellement ces informations au serveur.<\/p>\n<p>Les cookies qui permettent d'identifier une personne sont consid\u00e9r\u00e9s comme des donn\u00e9es personnelles. Par cons\u00e9quent, la politique de confidentialit\u00e9 d\u00e9crite pr\u00e9c\u00e9demment s'applique \u00e0 ces cookies. En ce sens, pour l'utilisation de ces donn\u00e9es, le consentement de l'Utilisateur est n\u00e9cessaire. Este consentimiento ser\u00e1 comunicado, en base a una elecci\u00f3n aut\u00e9ntica, ofrecido mediante una decisi\u00f3n afirmativa y positiva, antes del tratamiento inicial, removible y documentado.<\/p>\n<div class=\"ng-hide\">\n<h4>Cookies propres<\/h4>\n<p>Il s'agit de cookies envoy\u00e9s \u00e0 l'ordinateur ou au dispositif de l'utilisateur et g\u00e9r\u00e9s exclusivement par <span class=\"blanc-space ng-binding\">Acheter, louer ou investir \u00e0 Tenerife<\/span> pour un meilleur fonctionnement du site Web. Les informations recueillies sont utilis\u00e9es pour am\u00e9liorer la qualit\u00e9 du site Web et de son contenu ainsi que l'exp\u00e9rience de l'utilisateur. Ces cookies permettent de reconna\u00eetre l'utilisateur en tant que visiteur r\u00e9current du site web et d'adapter le contenu afin de lui proposer des contenus adapt\u00e9s \u00e0 ses pr\u00e9f\u00e9rences.<\/p>\n<\/div>\n<div class=\"thirdCookies\">\n<h4>Cookies de tiers<\/h4>\n<p>Son cookies utilizadas y gestionadas por entidades externas que proporcionan a <span class=\"blanc-space ng-binding\">Acheter, louer ou investir \u00e0 Tenerife<\/span> les services demand\u00e9s par ce dernier afin d'am\u00e9liorer le site web et l'exp\u00e9rience de l'utilisateur lors de sa navigation sur le site web. Les principaux objectifs pour lesquels les cookies de tiers sont utilis\u00e9s sont l'obtention de statistiques d'acc\u00e8s et l'analyse des informations relatives \u00e0 la navigation, c'est-\u00e0-dire la mani\u00e8re dont l'utilisateur interagit avec le site web.<\/p>\n<p>Les informations obtenues se r\u00e9f\u00e8rent, par exemple, au nombre de pages visit\u00e9es, \u00e0 l'idiome, \u00e0 l'endroit o\u00f9 se trouve la direction IP \u00e0 laquelle acc\u00e8de l'utilisateur, au nombre d'utilisateurs qui acc\u00e8dent, \u00e0 la fr\u00e9quence et \u00e0 la r\u00e9incidence des visites, au temps de visite, au navigateur utilis\u00e9, \u00e0 l'op\u00e9rateur ou au type d'appareil \u00e0 partir duquel la visite est effectu\u00e9e. Ces informations sont utilis\u00e9es pour am\u00e9liorer le site Web et d\u00e9tecter de nouveaux besoins afin d'offrir aux utilisateurs un contenu et\/ou un service d'une qualit\u00e9 optimale. Dans tous les cas, les informations sont recopi\u00e9es sous une forme anonyme et des informations sur les tendances du site Web sont \u00e9labor\u00e9es sans identification des utilisateurs individuels.<\/p>\n<p>Vous pouvez obtenir plus d'informations sur les cookies, les informations sur la confidentialit\u00e9 ou consulter la description du type de cookies que nous utilisons, leurs principales caract\u00e9ristiques, la p\u00e9riode d'expiration, etc. dans la (les) page(s) suivante(s) :<\/p>\n<p class=\"text-wrap ng-binding\">Google Analytics : https:\/\/developers.google.com\/analytics\/<\/p>\n<p>La (les) entit\u00e9(s) charg\u00e9e(s) de l'enregistrement des cookies peut (peuvent) c\u00e9der cette information \u00e0 des tiers, \u00e0 condition que cela soit pr\u00e9vu par la loi ou qu'il s'agisse d'un tiers qui traite cette information pour ces entit\u00e9s.<\/p>\n<\/div>\n<div class=\"ng-hide\">\n<h4>Cookies de redes sociales<\/h4>\n<p><span class=\"blanc-space ng-binding\">Acheter, louer ou investir \u00e0 Tenerife<\/span> incorpore des plugins de r\u00e9seaux sociaux, qui permettent d'acc\u00e9der \u00e0 ces derniers \u00e0 partir du site Web. C'est pourquoi les cookies des r\u00e9seaux sociaux peuvent \u00eatre conserv\u00e9s dans le navigateur de l'Utilisateur. Les titulaires de ces r\u00e9seaux sociaux disposent de leurs propres politiques de protection des donn\u00e9es et des cookies, et sont donc, dans tous les cas, responsables de leurs propres fichiers et de leurs propres politiques de confidentialit\u00e9. El Usuario debe referirse a las mismas para informarse acerca de dichas cookies y, en su caso, del tratamiento de sus datos personales. \u00danicamente a t\u00edtulo informativo se indican a continuaci\u00f3n los enlaces en los que se pueden consultar dichas pol\u00edticas de privacidad y\/o de cookies :<\/p>\n<ul>\n<li>Facebook : <a class=\"text-info\" href=\"https:\/\/www.facebook.com\/policies\/cookies\/\">https:\/\/www.facebook.com\/policies\/cookies\/<\/a><\/li>\n<li>Twitter : <a class=\"text-info\" href=\"https:\/\/twitter.com\/es\/privacy\">https:\/\/twitter.com\/es\/privacy<\/a><\/li>\n<li>Instagram : <a class=\"text-info\" href=\"https:\/\/help.instagram.com\/1896641480634370?ref=ig\">https:\/\/help.instagram.com\/1896641480634370?ref=ig<\/a><\/li>\n<li>YouTube : <a class=\"text-info\" href=\"https:\/\/policies.google.com\/privacy?hl=es-419&amp;gl=mx\">https:\/\/policies.google.com\/privacy?hl=es-419&amp;gl=mx<\/a><\/li>\n<li>Pinterest : <a class=\"text-info\" href=\"https:\/\/policy.pinterest.com\/es\/privacy-policy\">https:\/\/policy.pinterest.com\/es\/privacy-policy<\/a><\/li>\n<li>LinkedIn : <a class=\"text-info\" href=\"https:\/\/www.linkedin.com\/legal\/cookie-policy?trk=hp-cookies\">https:\/\/www.linkedin.com\/legal\/cookie-policy?trk=hp-cookies<\/a><\/li>\n<\/ul>\n<\/div>\n<h4>D\u00e9sadapter, modifier et \u00e9liminer les cookies<\/h4>\n<p>L'utilisateur peut r\u00e9habiliter, modifier et \u00e9liminer les cookies install\u00e9s sur son appareil par le biais de la configuration de son navigateur (Chrome, Firefox, Safari, Explorer, par exemple). En ce sens, les proc\u00e9dures de modification et d'\u00e9limination des cookies peuvent varier d'un navigateur Internet \u00e0 l'autre. En cons\u00e9quence, l'utilisateur doit suivre les instructions donn\u00e9es par le navigateur Internet qu'il utilise. Si l'utilisateur renonce \u00e0 l'utilisation des cookies - totalement ou partiellement - il pourra continuer \u00e0 utiliser le site Web, mais l'utilisation de certaines de ses fonctions sera limit\u00e9e.<\/p>\n<p>Ce document de politique en mati\u00e8re de cookies a \u00e9t\u00e9 cr\u00e9\u00e9 par le g\u00e9n\u00e9rateur de <a class=\"text-body text-decoration-none\" href=\"https:\/\/textos-legales.edgartamarit.com\/\">plantilla de pol\u00edtica de cookies web gratis<\/a> en ligne le 29\/01\/2025.<\/p>\n<\/div>\n<\/div>\n<\/div>\n<\/div>","protected":false},"excerpt":{"rendered":"<p>POL\u00cdTICA DE COOKIES https:\/\/teidehomes.com\/ El acceso a este Sitio Web puede implicar la utilizaci\u00f3n de cookies. Las cookies son peque\u00f1as cantidades de informaci\u00f3n que se almacenan en el navegador utilizado por cada Usuario \u2014en los distintos dispositivos que pueda utilizar para navegar\u2014 para que el servidor recuerde cierta informaci\u00f3n que posteriormente y \u00fanicamente el servidor [&hellip;]<\/p>\n","protected":false},"author":4,"featured_media":0,"parent":0,"menu_order":0,"comment_status":"closed","ping_status":"closed","template":"","meta":{"_joinchat":[],"footnotes":""},"class_list":["post-2402","page","type-page","status-publish","hentry"],"yoast_head":"<!-- This site is optimized with the Yoast SEO plugin v27.5 - https:\/\/yoast.com\/product\/yoast-seo-wordpress\/ -->\n<title>COOKIE POLICY - TEIDE HOMES<\/title>\n<meta name=\"description\" content=\"COOKIE POLICY - TEIDE HOMES\" \/>\n<meta name=\"robots\" content=\"noindex, nofollow\" \/>\n<meta property=\"og:locale\" content=\"fr_FR\" \/>\n<meta property=\"og:type\" content=\"article\" \/>\n<meta property=\"og:title\" content=\"COOKIE POLICY - TEIDE HOMES\" \/>\n<meta property=\"og:description\" content=\"COOKIE POLICY - TEIDE HOMES\" \/>\n<meta property=\"og:url\" content=\"https:\/\/teidehomes.com\/fr\/politica-de-cookies-ue\/\" \/>\n<meta property=\"og:site_name\" content=\"TEIDE HOMES\" \/>\n<meta property=\"article:modified_time\" content=\"2025-01-29T14:56:01+00:00\" \/>\n<meta property=\"og:image\" content=\"https:\/\/teidehomes.com\/wp-content\/uploads\/2024\/12\/Iryna.jpg\" \/>\n\t<meta property=\"og:image:width\" content=\"1212\" \/>\n\t<meta property=\"og:image:height\" content=\"1222\" \/>\n\t<meta property=\"og:image:type\" content=\"image\/jpeg\" \/>\n<script type=\"application\/ld+json\" class=\"yoast-schema-graph\">{\"@context\":\"https:\\\/\\\/schema.org\",\"@graph\":[{\"@type\":\"WebPage\",\"@id\":\"https:\\\/\\\/teidehomes.com\\\/politica-de-cookies-ue\\\/\",\"url\":\"https:\\\/\\\/teidehomes.com\\\/politica-de-cookies-ue\\\/\",\"name\":\"COOKIE POLICY - TEIDE HOMES\",\"isPartOf\":{\"@id\":\"https:\\\/\\\/teidehomes.com\\\/#website\"},\"datePublished\":\"2024-01-30T04:18:55+00:00\",\"dateModified\":\"2025-01-29T14:56:01+00:00\",\"description\":\"COOKIE POLICY - TEIDE HOMES\",\"breadcrumb\":{\"@id\":\"https:\\\/\\\/teidehomes.com\\\/politica-de-cookies-ue\\\/#breadcrumb\"},\"inLanguage\":\"fr-FR\",\"potentialAction\":[{\"@type\":\"ReadAction\",\"target\":[\"https:\\\/\\\/teidehomes.com\\\/politica-de-cookies-ue\\\/\"]}]},{\"@type\":\"BreadcrumbList\",\"@id\":\"https:\\\/\\\/teidehomes.com\\\/politica-de-cookies-ue\\\/#breadcrumb\",\"itemListElement\":[{\"@type\":\"ListItem\",\"position\":1,\"name\":\"Home\",\"item\":\"https:\\\/\\\/teidehomes.com\\\/\"},{\"@type\":\"ListItem\",\"position\":2,\"name\":\"COOKIE POLICY\"}]},{\"@type\":\"WebSite\",\"@id\":\"https:\\\/\\\/teidehomes.com\\\/#website\",\"url\":\"https:\\\/\\\/teidehomes.com\\\/\",\"name\":\"TEIDE HOMES\",\"description\":\"Long Term Rental Tenerife South - TEIDE HOMES\",\"publisher\":{\"@id\":\"https:\\\/\\\/teidehomes.com\\\/#organization\"},\"alternateName\":\"Long Term Rental Tenerife South - TEIDE HOMES\",\"potentialAction\":[{\"@type\":\"SearchAction\",\"target\":{\"@type\":\"EntryPoint\",\"urlTemplate\":\"https:\\\/\\\/teidehomes.com\\\/?s={search_term_string}\"},\"query-input\":{\"@type\":\"PropertyValueSpecification\",\"valueRequired\":true,\"valueName\":\"search_term_string\"}}],\"inLanguage\":\"fr-FR\"},{\"@type\":\"Organization\",\"@id\":\"https:\\\/\\\/teidehomes.com\\\/#organization\",\"name\":\"TEIDE HOMES\",\"alternateName\":\"Long Term Rental Tenerife South\",\"url\":\"https:\\\/\\\/teidehomes.com\\\/\",\"logo\":{\"@type\":\"ImageObject\",\"inLanguage\":\"fr-FR\",\"@id\":\"https:\\\/\\\/teidehomes.com\\\/#\\\/schema\\\/logo\\\/image\\\/\",\"url\":\"https:\\\/\\\/teidehomes.com\\\/wp-content\\\/uploads\\\/2022\\\/06\\\/Logo-Inmobiliaria.png\",\"contentUrl\":\"https:\\\/\\\/teidehomes.com\\\/wp-content\\\/uploads\\\/2022\\\/06\\\/Logo-Inmobiliaria.png\",\"width\":500,\"height\":500,\"caption\":\"TEIDE HOMES\"},\"image\":{\"@id\":\"https:\\\/\\\/teidehomes.com\\\/#\\\/schema\\\/logo\\\/image\\\/\"}}]}<\/script>\n<!-- \/ Yoast SEO plugin. -->","yoast_head_json":{"title":"COOKIE POLICY - TEIDE HOMES","description":"COOKIE POLICY - TEIDE HOMES","robots":{"index":"noindex","follow":"nofollow"},"og_locale":"fr_FR","og_type":"article","og_title":"COOKIE POLICY - TEIDE HOMES","og_description":"COOKIE POLICY - TEIDE HOMES","og_url":"https:\/\/teidehomes.com\/fr\/politica-de-cookies-ue\/","og_site_name":"TEIDE HOMES","article_modified_time":"2025-01-29T14:56:01+00:00","og_image":[{"width":1212,"height":1222,"url":"https:\/\/teidehomes.com\/wp-content\/uploads\/2024\/12\/Iryna.jpg","type":"image\/jpeg"}],"schema":{"@context":"https:\/\/schema.org","@graph":[{"@type":"WebPage","@id":"https:\/\/teidehomes.com\/politica-de-cookies-ue\/","url":"https:\/\/teidehomes.com\/politica-de-cookies-ue\/","name":"COOKIE POLICY - TEIDE HOMES","isPartOf":{"@id":"https:\/\/teidehomes.com\/#website"},"datePublished":"2024-01-30T04:18:55+00:00","dateModified":"2025-01-29T14:56:01+00:00","description":"COOKIE POLICY - TEIDE HOMES","breadcrumb":{"@id":"https:\/\/teidehomes.com\/politica-de-cookies-ue\/#breadcrumb"},"inLanguage":"fr-FR","potentialAction":[{"@type":"ReadAction","target":["https:\/\/teidehomes.com\/politica-de-cookies-ue\/"]}]},{"@type":"BreadcrumbList","@id":"https:\/\/teidehomes.com\/politica-de-cookies-ue\/#breadcrumb","itemListElement":[{"@type":"ListItem","position":1,"name":"Home","item":"https:\/\/teidehomes.com\/"},{"@type":"ListItem","position":2,"name":"COOKIE POLICY"}]},{"@type":"WebSite","@id":"https:\/\/teidehomes.com\/#website","url":"https:\/\/teidehomes.com\/","name":"TEIDE HOMES","description":"Location \u00e0 long terme Tenerife South - TEIDE HOMES","publisher":{"@id":"https:\/\/teidehomes.com\/#organization"},"alternateName":"Long Term Rental Tenerife South - TEIDE HOMES","potentialAction":[{"@type":"SearchAction","target":{"@type":"EntryPoint","urlTemplate":"https:\/\/teidehomes.com\/?s={search_term_string}"},"query-input":{"@type":"PropertyValueSpecification","valueRequired":true,"valueName":"search_term_string"}}],"inLanguage":"fr-FR"},{"@type":"Organization","@id":"https:\/\/teidehomes.com\/#organization","name":"TEIDE HOMES","alternateName":"Long Term Rental Tenerife South","url":"https:\/\/teidehomes.com\/","logo":{"@type":"ImageObject","inLanguage":"fr-FR","@id":"https:\/\/teidehomes.com\/#\/schema\/logo\/image\/","url":"https:\/\/teidehomes.com\/wp-content\/uploads\/2022\/06\/Logo-Inmobiliaria.png","contentUrl":"https:\/\/teidehomes.com\/wp-content\/uploads\/2022\/06\/Logo-Inmobiliaria.png","width":500,"height":500,"caption":"TEIDE HOMES"},"image":{"@id":"https:\/\/teidehomes.com\/#\/schema\/logo\/image\/"}}]}},"_links":{"self":[{"href":"https:\/\/teidehomes.com\/fr\/wp-json\/wp\/v2\/pages\/2402","targetHints":{"allow":["GET"]}}],"collection":[{"href":"https:\/\/teidehomes.com\/fr\/wp-json\/wp\/v2\/pages"}],"about":[{"href":"https:\/\/teidehomes.com\/fr\/wp-json\/wp\/v2\/types\/page"}],"author":[{"embeddable":true,"href":"https:\/\/teidehomes.com\/fr\/wp-json\/wp\/v2\/users\/4"}],"replies":[{"embeddable":true,"href":"https:\/\/teidehomes.com\/fr\/wp-json\/wp\/v2\/comments?post=2402"}],"version-history":[{"count":2,"href":"https:\/\/teidehomes.com\/fr\/wp-json\/wp\/v2\/pages\/2402\/revisions"}],"predecessor-version":[{"id":4248,"href":"https:\/\/teidehomes.com\/fr\/wp-json\/wp\/v2\/pages\/2402\/revisions\/4248"}],"wp:attachment":[{"href":"https:\/\/teidehomes.com\/fr\/wp-json\/wp\/v2\/media?parent=2402"}],"curies":[{"name":"wp","href":"https:\/\/api.w.org\/{rel}","templated":true}]}}